{"id":1189,"date":"2024-03-12T14:05:59","date_gmt":"2024-03-12T13:05:59","guid":{"rendered":"https:\/\/pif-fishing.com\/produit\/pif-original\/"},"modified":"2026-04-11T21:30:56","modified_gmt":"2026-04-11T19:30:56","slug":"pif-original","status":"publish","type":"product","link":"https:\/\/pif-fishing.com\/es\/produit\/pif-original\/","title":{"rendered":"La herramienta Pif original"},"content":{"rendered":"<p><strong>Pif<\/strong> es la herramienta definitiva del Pescador.<\/p>\n<p>Nunca m\u00e1s se te escapar\u00e1 un nudo entre la trenza y el fluorocarbono. Gracias a su dise\u00f1o ergon\u00f3mico, se adapta a todas las manos, ya seas grande o peque\u00f1o, zurdo o diestro, principiante o experto, pescador de mar o de r\u00edo&#8230; \u00a1Prueba <strong>Pif<\/strong> y te encantar\u00e1!<\/p>\n","protected":false},"excerpt":{"rendered":"<p><strong>Pif<\/strong> es la herramienta definitiva del Pescador. Nunca m\u00e1s se te escapar\u00e1 un nudo entre la trenza y el fluorocarbono. Gracias a su dise\u00f1o ergon\u00f3mico, se adapta a todas las manos, ya seas grande o peque\u00f1o, zurdo o diestro, principiante o experto, pescador de mar o de r\u00edo.<\/p>\n","protected":false},"featured_media":1997,"comment_status":"open","ping_status":"closed","template":"","meta":{"_acf_changed":false,"inline_featured_image":false,"site-sidebar-layout":"default","site-content-layout":"","ast-site-content-layout":"default","site-content-style":"default","site-sidebar-style":"default","ast-global-header-display":"","ast-banner-title-visibility":"","ast-main-header-display":"","ast-hfb-above-header-display":"","ast-hfb-below-header-display":"","ast-hfb-mobile-header-display":"","site-post-title":"","ast-breadcrumbs-content":"","ast-featured-img":"","footer-sml-layout":"","ast-disable-related-posts":"","theme-transparent-header-meta":"default","adv-header-id-meta":"","stick-header-meta":"default","header-above-stick-meta":"","header-main-stick-meta":"","header-below-stick-meta":"","astra-migrate-meta-layouts":"set","ast-page-background-enabled":"default","ast-page-background-meta":{"desktop":{"background-color":"var(--ast-global-color-4)","background-image":"","background-repeat":"repeat","background-position":"center center","background-size":"auto","background-attachment":"scroll","background-type":"","background-media":"","overlay-type":"","overlay-color":"","overlay-opacity":"","overlay-gradient":""},"tablet":{"background-color":"","background-image":"","background-repeat":"repeat","background-position":"center center","background-size":"auto","background-attachment":"scroll","background-type":"","background-media":"","overlay-type":"","overlay-color":"","overlay-opacity":"","overlay-gradient":""},"mobile":{"background-color":"","background-image":"","background-repeat":"repeat","background-position":"center center","background-size":"auto","background-attachment":"scroll","background-type":"","background-media":"","overlay-type":"","overlay-color":"","overlay-opacity":"","overlay-gradient":""}},"ast-content-background-meta":{"desktop":{"background-color":"var(--ast-global-color-5)","background-image":"","background-repeat":"repeat","background-position":"center center","background-size":"auto","background-attachment":"scroll","background-type":"","background-media":"","overlay-type":"","overlay-color":"","overlay-opacity":"","overlay-gradient":""},"tablet":{"background-color":"var(--ast-global-color-5)","background-image":"","background-repeat":"repeat","background-position":"center center","background-size":"auto","background-attachment":"scroll","background-type":"","background-media":"","overlay-type":"","overlay-color":"","overlay-opacity":"","overlay-gradient":""},"mobile":{"background-color":"var(--ast-global-color-5)","background-image":"","background-repeat":"repeat","background-position":"center center","background-size":"auto","background-attachment":"scroll","background-type":"","background-media":"","overlay-type":"","overlay-color":"","overlay-opacity":"","overlay-gradient":""}}},"product_brand":[],"product_cat":[73],"product_tag":[],"class_list":{"0":"post-1189","1":"product","2":"type-product","3":"status-publish","4":"has-post-thumbnail","6":"product_cat-sin-categorizar","7":"desktop-align-left","8":"tablet-align-left","9":"mobile-align-left","10":"ast-product-gallery-layout-horizontal-slider","11":"ast-product-tabs-layout-horizontal","13":"first","14":"instock","15":"taxable","16":"shipping-taxable","17":"purchasable","18":"product-type-simple"},"acf":[],"yoast_head":"<!-- This site is optimized with the Yoast SEO plugin v27.3 - https:\/\/yoast.com\/product\/yoast-seo-wordpress\/ -->\n<title>La herramienta Pif original - Pif-fishing<\/title>\n<meta name=\"description\" content=\"Pif es la herramienta definitiva del Pescador. Nunca m\u00e1s se te escapar\u00e1 un nudo entre la trenza y el fluorocarbono. Gracias a su dise\u00f1o ergon\u00f3mico, se adapta a todas las manos, ya seas grande o peque\u00f1o, zurdo o diestro.\" \/>\n<meta name=\"robots\" content=\"index, follow, max-snippet:-1, max-image-preview:large, max-video-preview:-1\" \/>\n<link rel=\"canonical\" href=\"https:\/\/pif-fishing.com\/es\/produit\/pif-original\/\" \/>\n<meta property=\"og:locale\" content=\"es_ES\" \/>\n<meta property=\"og:type\" content=\"article\" \/>\n<meta property=\"og:title\" content=\"La herramienta Pif original - Pif-fishing\" \/>\n<meta property=\"og:description\" content=\"Pif es la herramienta definitiva del Pescador. Nunca m\u00e1s se te escapar\u00e1 un nudo entre la trenza y el fluorocarbono. Gracias a su dise\u00f1o ergon\u00f3mico, se adapta a todas las manos, ya seas grande o peque\u00f1o, zurdo o diestro.\" \/>\n<meta property=\"og:url\" content=\"https:\/\/pif-fishing.com\/es\/produit\/pif-original\/\" \/>\n<meta property=\"og:site_name\" content=\"Pif-fishing\" \/>\n<meta property=\"article:modified_time\" content=\"2026-04-11T19:30:56+00:00\" \/>\n<meta property=\"og:image\" content=\"https:\/\/pif-fishing.com\/wp-content\/uploads\/2024\/03\/Pif-68.jpg\" \/>\n\t<meta property=\"og:image:width\" content=\"800\" \/>\n\t<meta property=\"og:image:height\" content=\"1024\" \/>\n\t<meta property=\"og:image:type\" content=\"image\/jpeg\" \/>\n<meta name=\"twitter:card\" content=\"summary_large_image\" \/>\n<meta name=\"twitter:label1\" content=\"Tiempo de lectura\" \/>\n\t<meta name=\"twitter:data1\" content=\"1 minuto\" \/>\n<script type=\"application\/ld+json\" class=\"yoast-schema-graph\">{\"@context\":\"https:\\\/\\\/schema.org\",\"@graph\":[{\"@type\":\"WebPage\",\"@id\":\"https:\\\/\\\/pif-fishing.com\\\/es\\\/produit\\\/pif-original\\\/\",\"url\":\"https:\\\/\\\/pif-fishing.com\\\/es\\\/produit\\\/pif-original\\\/\",\"name\":\"La herramienta Pif original - Pif-fishing\",\"isPartOf\":{\"@id\":\"https:\\\/\\\/pif-fishing.com\\\/es\\\/#website\"},\"primaryImageOfPage\":{\"@id\":\"https:\\\/\\\/pif-fishing.com\\\/es\\\/produit\\\/pif-original\\\/#primaryimage\"},\"image\":{\"@id\":\"https:\\\/\\\/pif-fishing.com\\\/es\\\/produit\\\/pif-original\\\/#primaryimage\"},\"thumbnailUrl\":\"https:\\\/\\\/pif-fishing.com\\\/wp-content\\\/uploads\\\/2024\\\/03\\\/Pif_boutique-2.jpg\",\"datePublished\":\"2024-03-12T13:05:59+00:00\",\"dateModified\":\"2026-04-11T19:30:56+00:00\",\"description\":\"Pif es la herramienta definitiva del Pescador. Nunca m\u00e1s se te escapar\u00e1 un nudo entre la trenza y el fluorocarbono. Gracias a su dise\u00f1o ergon\u00f3mico, se adapta a todas las manos, ya seas grande o peque\u00f1o, zurdo o diestro.\",\"breadcrumb\":{\"@id\":\"https:\\\/\\\/pif-fishing.com\\\/es\\\/produit\\\/pif-original\\\/#breadcrumb\"},\"inLanguage\":\"es\",\"potentialAction\":[{\"@type\":\"ReadAction\",\"target\":[\"https:\\\/\\\/pif-fishing.com\\\/es\\\/produit\\\/pif-original\\\/\"]}]},{\"@type\":\"ImageObject\",\"inLanguage\":\"es\",\"@id\":\"https:\\\/\\\/pif-fishing.com\\\/es\\\/produit\\\/pif-original\\\/#primaryimage\",\"url\":\"https:\\\/\\\/pif-fishing.com\\\/wp-content\\\/uploads\\\/2024\\\/03\\\/Pif_boutique-2.jpg\",\"contentUrl\":\"https:\\\/\\\/pif-fishing.com\\\/wp-content\\\/uploads\\\/2024\\\/03\\\/Pif_boutique-2.jpg\",\"width\":1578,\"height\":1578,\"caption\":\"pif fishing, outil pour noeud de raccord\"},{\"@type\":\"BreadcrumbList\",\"@id\":\"https:\\\/\\\/pif-fishing.com\\\/es\\\/produit\\\/pif-original\\\/#breadcrumb\",\"itemListElement\":[{\"@type\":\"ListItem\",\"position\":1,\"name\":\"Accueil\",\"item\":\"https:\\\/\\\/pif-fishing.com\\\/es\\\/accueil\\\/\"},{\"@type\":\"ListItem\",\"position\":2,\"name\":\"Tienda\",\"item\":\"https:\\\/\\\/pif-fishing.com\\\/es\\\/tienda\\\/\"},{\"@type\":\"ListItem\",\"position\":3,\"name\":\"La herramienta Pif original\"}]},{\"@type\":\"WebSite\",\"@id\":\"https:\\\/\\\/pif-fishing.com\\\/es\\\/#website\",\"url\":\"https:\\\/\\\/pif-fishing.com\\\/es\\\/\",\"name\":\"Pif-fishing\",\"description\":\"\",\"publisher\":{\"@id\":\"https:\\\/\\\/pif-fishing.com\\\/es\\\/#organization\"},\"alternateName\":\"Pif Fishing\",\"potentialAction\":[{\"@type\":\"SearchAction\",\"target\":{\"@type\":\"EntryPoint\",\"urlTemplate\":\"https:\\\/\\\/pif-fishing.com\\\/es\\\/?s={search_term_string}\"},\"query-input\":{\"@type\":\"PropertyValueSpecification\",\"valueRequired\":true,\"valueName\":\"search_term_string\"}}],\"inLanguage\":\"es\"},{\"@type\":\"Organization\",\"@id\":\"https:\\\/\\\/pif-fishing.com\\\/es\\\/#organization\",\"name\":\"Pif Fishing\",\"alternateName\":\"Pif Fishing\",\"url\":\"https:\\\/\\\/pif-fishing.com\\\/es\\\/\",\"logo\":{\"@type\":\"ImageObject\",\"inLanguage\":\"es\",\"@id\":\"https:\\\/\\\/pif-fishing.com\\\/es\\\/#\\\/schema\\\/logo\\\/image\\\/\",\"url\":\"https:\\\/\\\/pif-fishing.com\\\/wp-content\\\/uploads\\\/2024\\\/05\\\/Pif-fishing-logo.svg\",\"contentUrl\":\"https:\\\/\\\/pif-fishing.com\\\/wp-content\\\/uploads\\\/2024\\\/05\\\/Pif-fishing-logo.svg\",\"caption\":\"Pif Fishing\"},\"image\":{\"@id\":\"https:\\\/\\\/pif-fishing.com\\\/es\\\/#\\\/schema\\\/logo\\\/image\\\/\"}}]}<\/script>\n<!-- \/ Yoast SEO plugin. -->","yoast_head_json":{"title":"La herramienta Pif original - Pif-fishing","description":"Pif es la herramienta definitiva del Pescador. Nunca m\u00e1s se te escapar\u00e1 un nudo entre la trenza y el fluorocarbono. Gracias a su dise\u00f1o ergon\u00f3mico, se adapta a todas las manos, ya seas grande o peque\u00f1o, zurdo o diestro.","robots":{"index":"index","follow":"follow","max-snippet":"max-snippet:-1","max-image-preview":"max-image-preview:large","max-video-preview":"max-video-preview:-1"},"canonical":"https:\/\/pif-fishing.com\/es\/produit\/pif-original\/","og_locale":"es_ES","og_type":"article","og_title":"La herramienta Pif original - Pif-fishing","og_description":"Pif es la herramienta definitiva del Pescador. Nunca m\u00e1s se te escapar\u00e1 un nudo entre la trenza y el fluorocarbono. Gracias a su dise\u00f1o ergon\u00f3mico, se adapta a todas las manos, ya seas grande o peque\u00f1o, zurdo o diestro.","og_url":"https:\/\/pif-fishing.com\/es\/produit\/pif-original\/","og_site_name":"Pif-fishing","article_modified_time":"2026-04-11T19:30:56+00:00","og_image":[{"width":800,"height":1024,"url":"https:\/\/pif-fishing.com\/wp-content\/uploads\/2024\/03\/Pif-68.jpg","type":"image\/jpeg"}],"twitter_card":"summary_large_image","twitter_misc":{"Tiempo de lectura":"1 minuto"},"schema":{"@context":"https:\/\/schema.org","@graph":[{"@type":"WebPage","@id":"https:\/\/pif-fishing.com\/es\/produit\/pif-original\/","url":"https:\/\/pif-fishing.com\/es\/produit\/pif-original\/","name":"La herramienta Pif original - Pif-fishing","isPartOf":{"@id":"https:\/\/pif-fishing.com\/es\/#website"},"primaryImageOfPage":{"@id":"https:\/\/pif-fishing.com\/es\/produit\/pif-original\/#primaryimage"},"image":{"@id":"https:\/\/pif-fishing.com\/es\/produit\/pif-original\/#primaryimage"},"thumbnailUrl":"https:\/\/pif-fishing.com\/wp-content\/uploads\/2024\/03\/Pif_boutique-2.jpg","datePublished":"2024-03-12T13:05:59+00:00","dateModified":"2026-04-11T19:30:56+00:00","description":"Pif es la herramienta definitiva del Pescador. Nunca m\u00e1s se te escapar\u00e1 un nudo entre la trenza y el fluorocarbono. Gracias a su dise\u00f1o ergon\u00f3mico, se adapta a todas las manos, ya seas grande o peque\u00f1o, zurdo o diestro.","breadcrumb":{"@id":"https:\/\/pif-fishing.com\/es\/produit\/pif-original\/#breadcrumb"},"inLanguage":"es","potentialAction":[{"@type":"ReadAction","target":["https:\/\/pif-fishing.com\/es\/produit\/pif-original\/"]}]},{"@type":"ImageObject","inLanguage":"es","@id":"https:\/\/pif-fishing.com\/es\/produit\/pif-original\/#primaryimage","url":"https:\/\/pif-fishing.com\/wp-content\/uploads\/2024\/03\/Pif_boutique-2.jpg","contentUrl":"https:\/\/pif-fishing.com\/wp-content\/uploads\/2024\/03\/Pif_boutique-2.jpg","width":1578,"height":1578,"caption":"pif fishing, outil pour noeud de raccord"},{"@type":"BreadcrumbList","@id":"https:\/\/pif-fishing.com\/es\/produit\/pif-original\/#breadcrumb","itemListElement":[{"@type":"ListItem","position":1,"name":"Accueil","item":"https:\/\/pif-fishing.com\/es\/accueil\/"},{"@type":"ListItem","position":2,"name":"Tienda","item":"https:\/\/pif-fishing.com\/es\/tienda\/"},{"@type":"ListItem","position":3,"name":"La herramienta Pif original"}]},{"@type":"WebSite","@id":"https:\/\/pif-fishing.com\/es\/#website","url":"https:\/\/pif-fishing.com\/es\/","name":"Pif-fishing","description":"","publisher":{"@id":"https:\/\/pif-fishing.com\/es\/#organization"},"alternateName":"Pif Fishing","potentialAction":[{"@type":"SearchAction","target":{"@type":"EntryPoint","urlTemplate":"https:\/\/pif-fishing.com\/es\/?s={search_term_string}"},"query-input":{"@type":"PropertyValueSpecification","valueRequired":true,"valueName":"search_term_string"}}],"inLanguage":"es"},{"@type":"Organization","@id":"https:\/\/pif-fishing.com\/es\/#organization","name":"Pif Fishing","alternateName":"Pif Fishing","url":"https:\/\/pif-fishing.com\/es\/","logo":{"@type":"ImageObject","inLanguage":"es","@id":"https:\/\/pif-fishing.com\/es\/#\/schema\/logo\/image\/","url":"https:\/\/pif-fishing.com\/wp-content\/uploads\/2024\/05\/Pif-fishing-logo.svg","contentUrl":"https:\/\/pif-fishing.com\/wp-content\/uploads\/2024\/05\/Pif-fishing-logo.svg","caption":"Pif Fishing"},"image":{"@id":"https:\/\/pif-fishing.com\/es\/#\/schema\/logo\/image\/"}}]}},"jetpack_sharing_enabled":true,"_links":{"self":[{"href":"https:\/\/pif-fishing.com\/es\/wp-json\/wp\/v2\/product\/1189","targetHints":{"allow":["GET"]}}],"collection":[{"href":"https:\/\/pif-fishing.com\/es\/wp-json\/wp\/v2\/product"}],"about":[{"href":"https:\/\/pif-fishing.com\/es\/wp-json\/wp\/v2\/types\/product"}],"replies":[{"embeddable":true,"href":"https:\/\/pif-fishing.com\/es\/wp-json\/wp\/v2\/comments?post=1189"}],"wp:featuredmedia":[{"embeddable":true,"href":"https:\/\/pif-fishing.com\/es\/wp-json\/wp\/v2\/media\/1997"}],"wp:attachment":[{"href":"https:\/\/pif-fishing.com\/es\/wp-json\/wp\/v2\/media?parent=1189"}],"wp:term":[{"taxonomy":"product_brand","embeddable":true,"href":"https:\/\/pif-fishing.com\/es\/wp-json\/wp\/v2\/product_brand?post=1189"},{"taxonomy":"product_cat","embeddable":true,"href":"https:\/\/pif-fishing.com\/es\/wp-json\/wp\/v2\/product_cat?post=1189"},{"taxonomy":"product_tag","embeddable":true,"href":"https:\/\/pif-fishing.com\/es\/wp-json\/wp\/v2\/product_tag?post=1189"}],"curies":[{"name":"wp","href":"https:\/\/api.w.org\/{rel}","templated":true}]}}