{"id":1083,"date":"2024-03-26T10:21:35","date_gmt":"2024-03-26T09:21:35","guid":{"rendered":"https:\/\/pif-fishing.com\/faq\/"},"modified":"2025-02-25T12:09:43","modified_gmt":"2025-02-25T11:09:43","slug":"faq","status":"publish","type":"page","link":"https:\/\/pif-fishing.com\/es\/faq\/","title":{"rendered":"PREGUNTAS FRECUENTES"},"content":{"rendered":"\n<p>Aqu\u00ed encontrar\u00e1 algunas respuestas a las preguntas m\u00e1s frecuentes sobre la herramienta <strong>Pif<\/strong>.<\/p>\n\n\n\n<p>Si no encuentra la respuesta que busca, p\u00f3ngase <a href=\"https:\/\/pif-fishing.com\/es\/contact\/\">en contacto<\/a> con nosotros y estaremos encantados de ayudarle.<\/p>\n\n\n<style>#sp-ea-2667 .spcollapsing { height: 0; overflow: hidden; transition-property: height;transition-duration: 300ms;}#sp-ea-2667.sp-easy-accordion>.sp-ea-single {margin-bottom: 10px; border: 1px solid #e2e2e2; }#sp-ea-2667.sp-easy-accordion>.sp-ea-single>.ea-header a {color: #444;}#sp-ea-2667.sp-easy-accordion>.sp-ea-single>.sp-collapse>.ea-body {background: #fff; color: #444;}#sp-ea-2667.sp-easy-accordion>.sp-ea-single {background: #eee;}#sp-ea-2667.sp-easy-accordion>.sp-ea-single>.ea-header a .ea-expand-icon { float: left; color: #444;font-size: 16px;}<\/style><div id=\"sp_easy_accordion-1740481582\"><div id=\"sp-ea-2667\" class=\"sp-ea-one sp-easy-accordion\" data-ea-active=\"ea-click\" data-ea-mode=\"vertical\" data-preloader=\"\" data-scroll-active-item=\"\" data-offset-to-scroll=\"0\"><div class=\"ea-card ea-expand sp-ea-single\"><h3 class=\"ea-header\"><a class=\"collapsed\" id=\"ea-header-26670\" role=\"button\" data-sptoggle=\"spcollapse\" data-sptarget=\"#collapse26670\" aria-controls=\"collapse26670\" href=\"#\" aria-expanded=\"true\" tabindex=\"0\"><i aria-hidden=\"true\" role=\"presentation\" class=\"ea-expand-icon eap-icon-ea-expand-minus\"><\/i> \u00bfCu\u00e1l es el di\u00e1metro m\u00e1ximo de trenza y fluorocarbono que se puede utilizar con la herramienta Pif?<\/a><\/h3><div class=\"sp-collapse spcollapse collapsed show\" id=\"collapse26670\" data-parent=\"#sp-ea-2667\" role=\"region\" aria-labelledby=\"ea-header-26670\"> <div class=\"ea-body\"><p>Puede utilizar di\u00e1metros de 0,1 mm a 0,9 mm sin ning\u00fan problema.<\/p><\/div><\/div><\/div><div class=\"ea-card sp-ea-single\"><h3 class=\"ea-header\"><a class=\"collapsed\" id=\"ea-header-26671\" role=\"button\" data-sptoggle=\"spcollapse\" data-sptarget=\"#collapse26671\" aria-controls=\"collapse26671\" href=\"#\" aria-expanded=\"false\" tabindex=\"0\"><i aria-hidden=\"true\" role=\"presentation\" class=\"ea-expand-icon eap-icon-ea-expand-plus\"><\/i> \u00bfLa herramienta Pif tiene garant\u00eda?<\/a><\/h3><div class=\"sp-collapse spcollapse \" id=\"collapse26671\" data-parent=\"#sp-ea-2667\" role=\"region\" aria-labelledby=\"ea-header-26671\"> <div class=\"ea-body\"><p>El Pif tiene una garant\u00eda de 2 a\u00f1os en condiciones normales de uso.<\/p><\/div><\/div><\/div><div class=\"ea-card sp-ea-single\"><h3 class=\"ea-header\"><a class=\"collapsed\" id=\"ea-header-26672\" role=\"button\" data-sptoggle=\"spcollapse\" data-sptarget=\"#collapse26672\" aria-controls=\"collapse26672\" href=\"#\" aria-expanded=\"false\" tabindex=\"0\"><i aria-hidden=\"true\" role=\"presentation\" class=\"ea-expand-icon eap-icon-ea-expand-plus\"><\/i> \u00bfTengo que saber hacer nudos de pesca para poder utilizar la herramienta Pif?<\/a><\/h3><div class=\"sp-collapse spcollapse \" id=\"collapse26672\" data-parent=\"#sp-ea-2667\" role=\"region\" aria-labelledby=\"ea-header-26672\"> <div class=\"ea-body\"><p>Por supuesto que no. Pif tambi\u00e9n ofrece nudos que los pescadores experimentados no han visto nunca, pero que son tan eficaces, si no m\u00e1s, que algunos nudos cl\u00e1sicos.<\/p><\/div><\/div><\/div><div class=\"ea-card sp-ea-single\"><h3 class=\"ea-header\"><a class=\"collapsed\" id=\"ea-header-26673\" role=\"button\" data-sptoggle=\"spcollapse\" data-sptarget=\"#collapse26673\" aria-controls=\"collapse26673\" href=\"#\" aria-expanded=\"false\" tabindex=\"0\"><i aria-hidden=\"true\" role=\"presentation\" class=\"ea-expand-icon eap-icon-ea-expand-plus\"><\/i> \u00bfCu\u00e1l es la vida \u00fatil de la herramienta Pif?<\/a><\/h3><div class=\"sp-collapse spcollapse \" id=\"collapse26673\" data-parent=\"#sp-ea-2667\" role=\"region\" aria-labelledby=\"ea-header-26673\"> <div class=\"ea-body\"><p>La calidad de los materiales utilizados garantiza que la herramienta Pif durar\u00e1 muchos a\u00f1os con un uso normal.<\/p><\/div><\/div><\/div><div class=\"ea-card sp-ea-single\"><h3 class=\"ea-header\"><a class=\"collapsed\" id=\"ea-header-26674\" role=\"button\" data-sptoggle=\"spcollapse\" data-sptarget=\"#collapse26674\" aria-controls=\"collapse26674\" href=\"#\" aria-expanded=\"false\" tabindex=\"0\"><i aria-hidden=\"true\" role=\"presentation\" class=\"ea-expand-icon eap-icon-ea-expand-plus\"><\/i> Soy un profesional, \u00bfc\u00f3mo puedo distribuir su producto?<\/a><\/h3><div class=\"sp-collapse spcollapse \" id=\"collapse26674\" data-parent=\"#sp-ea-2667\" role=\"region\" aria-labelledby=\"ea-header-26674\"> <div class=\"ea-body\"><p>No dude en ponerse en contacto con nosotros a trav\u00e9s del formulario de la p\u00e1gina \u00ab<a href=\"https:\/\/pif.wd33.fr\/es\/contact\/\">Contacto<\/a>\u00ab. Estaremos encantados de recibir noticias suyas.<\/p><\/div><\/div><\/div><div class=\"ea-card sp-ea-single\"><h3 class=\"ea-header\"><a class=\"collapsed\" id=\"ea-header-26675\" role=\"button\" data-sptoggle=\"spcollapse\" data-sptarget=\"#collapse26675\" aria-controls=\"collapse26675\" href=\"#\" aria-expanded=\"false\" tabindex=\"0\"><i aria-hidden=\"true\" role=\"presentation\" class=\"ea-expand-icon eap-icon-ea-expand-plus\"><\/i> Me gustar\u00eda comprar varias herramientas Pif. \u00bfExiste una cantidad m\u00ednima para beneficiarse de una promoci\u00f3n?<\/a><\/h3><div class=\"sp-collapse spcollapse \" id=\"collapse26675\" data-parent=\"#sp-ea-2667\" role=\"region\" aria-labelledby=\"ea-header-26675\"> <div class=\"ea-body\"><div class=\"accordion__body\"><p><span class=\"--l --r sentence_highlight\">Los gastos de env\u00edo son gratuitos a partir de 5 ejemplares. <\/span><span class=\"--l --r sentence_highlight\">Para m\u00e1s de cinco ejemplares, p\u00f3ngase en contacto con nosotros a trav\u00e9s del formulario de la p\u00e1gina \u00ab<a href=\"https:\/\/pif.wd33.fr\/es\/contact\/\">Contacto<\/a>\u00ab.<\/span><\/p><\/div><\/div><\/div><\/div><div class=\"ea-card sp-ea-single\"><h3 class=\"ea-header\"><a class=\"collapsed\" id=\"ea-header-26676\" role=\"button\" data-sptoggle=\"spcollapse\" data-sptarget=\"#collapse26676\" aria-controls=\"collapse26676\" href=\"#\" aria-expanded=\"false\" tabindex=\"0\"><i aria-hidden=\"true\" role=\"presentation\" class=\"ea-expand-icon eap-icon-ea-expand-plus\"><\/i> \u00bfSe puede utilizar Pif tanto en agua dulce como en alta mar?<\/a><\/h3><div class=\"sp-collapse spcollapse \" id=\"collapse26676\" data-parent=\"#sp-ea-2667\" role=\"region\" aria-labelledby=\"ea-header-26676\"> <div class=\"ea-body\"><div class=\"accordion__body\"><p><span class=\"--l --r sentence_highlight\">S\u00ed, por supuesto. <\/span><span class=\"--l --r sentence_highlight\">El Pif se adapta a todas las condiciones y situaciones a las que se enfrentan los pescadores.<\/span><\/p><\/div><\/div><\/div><\/div><div class=\"ea-card sp-ea-single\"><h3 class=\"ea-header\"><a class=\"collapsed\" id=\"ea-header-26677\" role=\"button\" data-sptoggle=\"spcollapse\" data-sptarget=\"#collapse26677\" aria-controls=\"collapse26677\" href=\"#\" aria-expanded=\"false\" tabindex=\"0\"><i aria-hidden=\"true\" role=\"presentation\" class=\"ea-expand-icon eap-icon-ea-expand-plus\"><\/i> \u00bfPif flota?<\/a><\/h3><div class=\"sp-collapse spcollapse \" id=\"collapse26677\" data-parent=\"#sp-ea-2667\" role=\"region\" aria-labelledby=\"ea-header-26677\"> <div class=\"ea-body\"><div class=\"accordion__body\"><p><span class=\"--l --r sentence_highlight\">A\u00fan no hemos encontrado la manera de hacer que el Pif flote sin alterar su calidad ni dificultar su uso. <\/span><span class=\"--l --r sentence_highlight\">Seguimos trabajando en ello.<\/span><\/p><\/div><\/div><\/div><\/div><div class=\"ea-card sp-ea-single\"><h3 class=\"ea-header\"><a class=\"collapsed\" id=\"ea-header-26678\" role=\"button\" data-sptoggle=\"spcollapse\" data-sptarget=\"#collapse26678\" aria-controls=\"collapse26678\" href=\"#\" aria-expanded=\"false\" tabindex=\"0\"><i aria-hidden=\"true\" role=\"presentation\" class=\"ea-expand-icon eap-icon-ea-expand-plus\"><\/i> Si no estoy satisfecho con el Pif, \u00bfpuedo devolv\u00e9rselo?<\/a><\/h3><div class=\"sp-collapse spcollapse \" id=\"collapse26678\" data-parent=\"#sp-ea-2667\" role=\"region\" aria-labelledby=\"ea-header-26678\"> <div class=\"ea-body\"><p><span class=\"--l --r sentence_highlight\">Puede devolver la herramienta Pif en su embalaje original y se le reembolsar\u00e1 en cuanto la reciba, siempre que est\u00e9 en condiciones de uso.<\/span><\/p><\/div><\/div><\/div><\/div><\/div>\n","protected":false},"excerpt":{"rendered":"<p>Aqu\u00ed encontrar\u00e1 algunas respuestas a las preguntas m\u00e1s frecuentes sobre la herramienta Pif. Si no encuentra la respuesta que busca, p\u00f3ngase en contacto con nosotros y estaremos encantados de ayudarle.<\/p>\n","protected":false},"author":1,"featured_media":0,"parent":0,"menu_order":0,"comment_status":"closed","ping_status":"closed","template":"page_cmd.php","meta":{"_acf_changed":false,"inline_featured_image":false,"site-sidebar-layout":"default","site-content-layout":"","ast-site-content-layout":"default","site-content-style":"default","site-sidebar-style":"default","ast-global-header-display":"","ast-banner-title-visibility":"","ast-main-header-display":"","ast-hfb-above-header-display":"","ast-hfb-below-header-display":"","ast-hfb-mobile-header-display":"","site-post-title":"","ast-breadcrumbs-content":"","ast-featured-img":"","footer-sml-layout":"","ast-disable-related-posts":"","theme-transparent-header-meta":"","adv-header-id-meta":"","stick-header-meta":"","header-above-stick-meta":"","header-main-stick-meta":"","header-below-stick-meta":"","astra-migrate-meta-layouts":"default","ast-page-background-enabled":"default","ast-page-background-meta":{"desktop":{"background-color":"var(--ast-global-color-4)","background-image":"","background-repeat":"repeat","background-position":"center center","background-size":"auto","background-attachment":"scroll","background-type":"","background-media":"","overlay-type":"","overlay-color":"","overlay-opacity":"","overlay-gradient":""},"tablet":{"background-color":"","background-image":"","background-repeat":"repeat","background-position":"center center","background-size":"auto","background-attachment":"scroll","background-type":"","background-media":"","overlay-type":"","overlay-color":"","overlay-opacity":"","overlay-gradient":""},"mobile":{"background-color":"","background-image":"","background-repeat":"repeat","background-position":"center center","background-size":"auto","background-attachment":"scroll","background-type":"","background-media":"","overlay-type":"","overlay-color":"","overlay-opacity":"","overlay-gradient":""}},"ast-content-background-meta":{"desktop":{"background-color":"var(--ast-global-color-5)","background-image":"","background-repeat":"repeat","background-position":"center center","background-size":"auto","background-attachment":"scroll","background-type":"","background-media":"","overlay-type":"","overlay-color":"","overlay-opacity":"","overlay-gradient":""},"tablet":{"background-color":"var(--ast-global-color-5)","background-image":"","background-repeat":"repeat","background-position":"center center","background-size":"auto","background-attachment":"scroll","background-type":"","background-media":"","overlay-type":"","overlay-color":"","overlay-opacity":"","overlay-gradient":""},"mobile":{"background-color":"var(--ast-global-color-5)","background-image":"","background-repeat":"repeat","background-position":"center center","background-size":"auto","background-attachment":"scroll","background-type":"","background-media":"","overlay-type":"","overlay-color":"","overlay-opacity":"","overlay-gradient":""}},"footnotes":""},"class_list":["post-1083","page","type-page","status-publish","hentry"],"acf":[],"yoast_head":"<!-- This site is optimized with the Yoast SEO plugin v27.3 - https:\/\/yoast.com\/product\/yoast-seo-wordpress\/ -->\n<title>PREGUNTAS FRECUENTES - Pif-fishing<\/title>\n<meta name=\"robots\" content=\"index, follow, max-snippet:-1, max-image-preview:large, max-video-preview:-1\" \/>\n<link rel=\"canonical\" href=\"https:\/\/pif-fishing.com\/es\/faq\/\" \/>\n<meta property=\"og:locale\" content=\"es_ES\" \/>\n<meta property=\"og:type\" content=\"article\" \/>\n<meta property=\"og:title\" content=\"PREGUNTAS FRECUENTES - Pif-fishing\" \/>\n<meta property=\"og:description\" content=\"Aqu\u00ed encontrar\u00e1 algunas respuestas a las preguntas m\u00e1s frecuentes sobre la herramienta Pif. Si no encuentra la respuesta que busca, p\u00f3ngase en contacto con nosotros y estaremos encantados de ayudarle.\" \/>\n<meta property=\"og:url\" content=\"https:\/\/pif-fishing.com\/es\/faq\/\" \/>\n<meta property=\"og:site_name\" content=\"Pif-fishing\" \/>\n<meta property=\"article:modified_time\" content=\"2025-02-25T11:09:43+00:00\" \/>\n<meta name=\"twitter:card\" content=\"summary_large_image\" \/>\n<meta name=\"twitter:label1\" content=\"Tiempo de lectura\" \/>\n\t<meta name=\"twitter:data1\" content=\"1 minuto\" \/>\n<script type=\"application\/ld+json\" class=\"yoast-schema-graph\">{\"@context\":\"https:\\\/\\\/schema.org\",\"@graph\":[{\"@type\":\"WebPage\",\"@id\":\"https:\\\/\\\/pif-fishing.com\\\/es\\\/faq\\\/\",\"url\":\"https:\\\/\\\/pif-fishing.com\\\/es\\\/faq\\\/\",\"name\":\"PREGUNTAS FRECUENTES - Pif-fishing\",\"isPartOf\":{\"@id\":\"https:\\\/\\\/pif-fishing.com\\\/es\\\/#website\"},\"datePublished\":\"2024-03-26T09:21:35+00:00\",\"dateModified\":\"2025-02-25T11:09:43+00:00\",\"breadcrumb\":{\"@id\":\"https:\\\/\\\/pif-fishing.com\\\/es\\\/faq\\\/#breadcrumb\"},\"inLanguage\":\"es\",\"potentialAction\":[{\"@type\":\"ReadAction\",\"target\":[\"https:\\\/\\\/pif-fishing.com\\\/es\\\/faq\\\/\"]}]},{\"@type\":\"BreadcrumbList\",\"@id\":\"https:\\\/\\\/pif-fishing.com\\\/es\\\/faq\\\/#breadcrumb\",\"itemListElement\":[{\"@type\":\"ListItem\",\"position\":1,\"name\":\"Accueil\",\"item\":\"https:\\\/\\\/pif-fishing.com\\\/es\\\/accueil\\\/\"},{\"@type\":\"ListItem\",\"position\":2,\"name\":\"PREGUNTAS FRECUENTES\"}]},{\"@type\":\"WebSite\",\"@id\":\"https:\\\/\\\/pif-fishing.com\\\/es\\\/#website\",\"url\":\"https:\\\/\\\/pif-fishing.com\\\/es\\\/\",\"name\":\"Pif-fishing\",\"description\":\"\",\"publisher\":{\"@id\":\"https:\\\/\\\/pif-fishing.com\\\/es\\\/#organization\"},\"alternateName\":\"Pif Fishing\",\"potentialAction\":[{\"@type\":\"SearchAction\",\"target\":{\"@type\":\"EntryPoint\",\"urlTemplate\":\"https:\\\/\\\/pif-fishing.com\\\/es\\\/?s={search_term_string}\"},\"query-input\":{\"@type\":\"PropertyValueSpecification\",\"valueRequired\":true,\"valueName\":\"search_term_string\"}}],\"inLanguage\":\"es\"},{\"@type\":\"Organization\",\"@id\":\"https:\\\/\\\/pif-fishing.com\\\/es\\\/#organization\",\"name\":\"Pif Fishing\",\"alternateName\":\"Pif Fishing\",\"url\":\"https:\\\/\\\/pif-fishing.com\\\/es\\\/\",\"logo\":{\"@type\":\"ImageObject\",\"inLanguage\":\"es\",\"@id\":\"https:\\\/\\\/pif-fishing.com\\\/es\\\/#\\\/schema\\\/logo\\\/image\\\/\",\"url\":\"https:\\\/\\\/pif-fishing.com\\\/wp-content\\\/uploads\\\/2024\\\/05\\\/Pif-fishing-logo.svg\",\"contentUrl\":\"https:\\\/\\\/pif-fishing.com\\\/wp-content\\\/uploads\\\/2024\\\/05\\\/Pif-fishing-logo.svg\",\"caption\":\"Pif Fishing\"},\"image\":{\"@id\":\"https:\\\/\\\/pif-fishing.com\\\/es\\\/#\\\/schema\\\/logo\\\/image\\\/\"}}]}<\/script>\n<!-- \/ Yoast SEO plugin. -->","yoast_head_json":{"title":"PREGUNTAS FRECUENTES - Pif-fishing","robots":{"index":"index","follow":"follow","max-snippet":"max-snippet:-1","max-image-preview":"max-image-preview:large","max-video-preview":"max-video-preview:-1"},"canonical":"https:\/\/pif-fishing.com\/es\/faq\/","og_locale":"es_ES","og_type":"article","og_title":"PREGUNTAS FRECUENTES - Pif-fishing","og_description":"Aqu\u00ed encontrar\u00e1 algunas respuestas a las preguntas m\u00e1s frecuentes sobre la herramienta Pif. Si no encuentra la respuesta que busca, p\u00f3ngase en contacto con nosotros y estaremos encantados de ayudarle.","og_url":"https:\/\/pif-fishing.com\/es\/faq\/","og_site_name":"Pif-fishing","article_modified_time":"2025-02-25T11:09:43+00:00","twitter_card":"summary_large_image","twitter_misc":{"Tiempo de lectura":"1 minuto"},"schema":{"@context":"https:\/\/schema.org","@graph":[{"@type":"WebPage","@id":"https:\/\/pif-fishing.com\/es\/faq\/","url":"https:\/\/pif-fishing.com\/es\/faq\/","name":"PREGUNTAS FRECUENTES - Pif-fishing","isPartOf":{"@id":"https:\/\/pif-fishing.com\/es\/#website"},"datePublished":"2024-03-26T09:21:35+00:00","dateModified":"2025-02-25T11:09:43+00:00","breadcrumb":{"@id":"https:\/\/pif-fishing.com\/es\/faq\/#breadcrumb"},"inLanguage":"es","potentialAction":[{"@type":"ReadAction","target":["https:\/\/pif-fishing.com\/es\/faq\/"]}]},{"@type":"BreadcrumbList","@id":"https:\/\/pif-fishing.com\/es\/faq\/#breadcrumb","itemListElement":[{"@type":"ListItem","position":1,"name":"Accueil","item":"https:\/\/pif-fishing.com\/es\/accueil\/"},{"@type":"ListItem","position":2,"name":"PREGUNTAS FRECUENTES"}]},{"@type":"WebSite","@id":"https:\/\/pif-fishing.com\/es\/#website","url":"https:\/\/pif-fishing.com\/es\/","name":"Pif-fishing","description":"","publisher":{"@id":"https:\/\/pif-fishing.com\/es\/#organization"},"alternateName":"Pif Fishing","potentialAction":[{"@type":"SearchAction","target":{"@type":"EntryPoint","urlTemplate":"https:\/\/pif-fishing.com\/es\/?s={search_term_string}"},"query-input":{"@type":"PropertyValueSpecification","valueRequired":true,"valueName":"search_term_string"}}],"inLanguage":"es"},{"@type":"Organization","@id":"https:\/\/pif-fishing.com\/es\/#organization","name":"Pif Fishing","alternateName":"Pif Fishing","url":"https:\/\/pif-fishing.com\/es\/","logo":{"@type":"ImageObject","inLanguage":"es","@id":"https:\/\/pif-fishing.com\/es\/#\/schema\/logo\/image\/","url":"https:\/\/pif-fishing.com\/wp-content\/uploads\/2024\/05\/Pif-fishing-logo.svg","contentUrl":"https:\/\/pif-fishing.com\/wp-content\/uploads\/2024\/05\/Pif-fishing-logo.svg","caption":"Pif Fishing"},"image":{"@id":"https:\/\/pif-fishing.com\/es\/#\/schema\/logo\/image\/"}}]}},"jetpack_sharing_enabled":true,"_links":{"self":[{"href":"https:\/\/pif-fishing.com\/es\/wp-json\/wp\/v2\/pages\/1083","targetHints":{"allow":["GET"]}}],"collection":[{"href":"https:\/\/pif-fishing.com\/es\/wp-json\/wp\/v2\/pages"}],"about":[{"href":"https:\/\/pif-fishing.com\/es\/wp-json\/wp\/v2\/types\/page"}],"author":[{"embeddable":true,"href":"https:\/\/pif-fishing.com\/es\/wp-json\/wp\/v2\/users\/1"}],"replies":[{"embeddable":true,"href":"https:\/\/pif-fishing.com\/es\/wp-json\/wp\/v2\/comments?post=1083"}],"version-history":[{"count":6,"href":"https:\/\/pif-fishing.com\/es\/wp-json\/wp\/v2\/pages\/1083\/revisions"}],"predecessor-version":[{"id":2669,"href":"https:\/\/pif-fishing.com\/es\/wp-json\/wp\/v2\/pages\/1083\/revisions\/2669"}],"wp:attachment":[{"href":"https:\/\/pif-fishing.com\/es\/wp-json\/wp\/v2\/media?parent=1083"}],"curies":[{"name":"wp","href":"https:\/\/api.w.org\/{rel}","templated":true}]}}