{"id":1339,"date":"2024-03-26T13:57:42","date_gmt":"2024-03-26T12:57:42","guid":{"rendered":"https:\/\/pif-fishing.com\/mentions-legales\/"},"modified":"2024-04-24T10:09:37","modified_gmt":"2024-04-24T08:09:37","slug":"legal-information","status":"publish","type":"page","link":"https:\/\/pif-fishing.com\/en\/legal-information\/","title":{"rendered":"Legal information"},"content":{"rendered":"<p><strong>Site \u00e9dit\u00e9 par :<\/strong><\/p>\n<p>Pif Fishing<br \/>\nZA Clara<br \/>\n1 avenue Joseph Cugnot<br \/>\n94420 Le Plessis Tr\u00e9vise<br \/>\n<a href=\"mailto:info@pif-fishing.com\">info@pif-fishing.com<\/a><\/p>\n<p><strong>Conception &amp; r\u00e9alisation<\/strong><\/p>\n<p>EPICEUM<\/p>\n<p>8 rue de Valmy<br \/>\n93100 Montreuil<\/p>\n<p><a href=\"mailto:contact@epiceum.com\">contact@epiceum.com<\/a><\/p>\n<p><strong>H\u00e9bergement :<\/strong><\/p>\n<p>OVH<\/p>\n<p>2 rue Kellermann<\/p>\n<p>59100 Roubaix<\/p>\n<p><a href=\"http:\/\/www.ovh.com\">www.ovh.com<\/a><\/p>\n<p><strong>Technologies utilis\u00e9es :<\/strong><\/p>\n<p>Logiciels libres<\/p>\n<p>Apache<\/p>\n<p>MySQL<\/p>\n<p>PHP<\/p>\n<p><strong>Cr\u00e9dits :<\/strong><\/p>\n<p>Les images publi\u00e9es sur notre site internet sont prot\u00e9g\u00e9es par les droits d\u2019auteurs et ne peuvent en aucun cas \u00eatre r\u00e9pliqu\u00e9es pour une autre utilisation sans l\u2019autorisation des auteurs.<\/p>\n<p><strong>Informations personnelles collect\u00e9es :<\/strong><\/p>\n<p>Les donn\u00e9es personnelles sont notamment prot\u00e9g\u00e9es par la loi n\u00b0 78-87 du 6 janvier 1978, la loi n\u00b0 2004-801 du 6 ao\u00fbt 2004, l\u2019article L. 226-13 du Code p\u00e9nal et la Directive Europ\u00e9enne du 24 octobre 1995.<\/p>\n<p>En tout \u00e9tat de cause, ce site ne collecte des informations personnelles relatives \u00e0 l\u2019utilisateur (nom, pr\u00e9nom, courriel\u2026) que pour le besoin des services propos\u00e9s par le site, notamment pour effectuer un achat, la possibilit\u00e9 de poser des questions ou de faire part de ses attentes, par le biais de formulaires en ligne ou pour des traitements statistiques.<\/p>\n<p>L\u2019utilisateur fournit ces informations en toute connaissance de cause, notamment lorsqu\u2019il proc\u00e8de par lui-m\u00eame \u00e0 leur saisie. Il est alors pr\u00e9cis\u00e9 \u00e0 l\u2019utilisateur du site le caract\u00e8re obligatoire ou non des informations qu\u2019il serait amen\u00e9 \u00e0 fournir.<\/p>\n<p><strong>Rectification des informations nominatives collect\u00e9es :<\/strong><\/p>\n<p>Conform\u00e9ment aux dispositions de l\u2019article 34 de la loi n\u00b0 48-87 du 6 janvier 1978, l\u2019utilisateur dispose d\u2019un droit de modification des donn\u00e9es nominatives collect\u00e9es le concernant. Pour ce faire, l\u2019utilisateur envoie au webmaster de ce site : un courriel en utilisant le formulaire de contact et en indiquant son nom ou sa raison sociale, ses coordonn\u00e9es physiques et\/ou \u00e9lectroniques, ainsi que le cas \u00e9ch\u00e9ant la r\u00e9f\u00e9rence dont il disposerait en tant qu\u2019utilisateur de ce site. La modification interviendra dans des d\u00e9lais raisonnables \u00e0 compter de la r\u00e9ception de la demande de l\u2019utilisateur.<\/p>\n<p><strong>Donn\u00e9es statistiques et cookies :<\/strong><\/p>\n<p>Afin de mieux conna\u00eetre les centres d\u2019int\u00e9r\u00eat des visiteurs du site et en vue de son am\u00e9lioration, nous pouvons \u00eatre amen\u00e9s \u00e0 mesurer le nombre de visites, de pages vues, ainsi que l\u2019activit\u00e9 des visiteurs sur le site, et leur fr\u00e9quence de retour. A cet effet, la technologie des cookies peut \u00eatre utilis\u00e9e. Il vous est possible de refuser ces \u00ab cookies \u00bb ou de les supprimer sans que cela ait une quelconque influence sur votre acc\u00e8s aux pages du site.<\/p>\n<p>Pour vous opposer \u00e0 l\u2019enregistrement de cookies ou \u00eatre pr\u00e9venu avant d\u2019accepter les cookies, nous vous recommandons la lecture la rubrique d\u2019aide de votre navigateur qui vous pr\u00e9cisera la marche \u00e0 suivre.<\/p>\n<p><strong>Google Analytics<\/strong><\/p>\n<p>Ce site utilise Google Analytics, une solution open-source d\u2019analyse de fr\u00e9quentation, logiciel libre sous licence GPLv3. Cette analyse d\u2019audience personnalis\u00e9e est respectueuse de votre vie priv\u00e9e car la collecte et l\u2019analyse des donn\u00e9es quantitatives et qualitatives n\u2019utilise aucune de vos donn\u00e9es personnelles en dehors de votre adresse IP. Ces donn\u00e9es ne sont en aucun cas stock\u00e9es \u00e0 l\u2019ext\u00e9rieur de notre serveur d\u2019h\u00e9bergement dont nous sommes les seuls utilisateurs (serveur VPS). En utilisant ce site internet, vous consentez express\u00e9ment au traitement de vos donn\u00e9es dans les conditions et pour les finalit\u00e9s d\u00e9crites ci-dessus.<\/p>\n<p><strong>Limitation de responsabilit\u00e9 :<\/strong><\/p>\n<p>L\u2019existence d\u2019un lien de ce site vers un autre site ne constitue pas une validation de ce site ou de son contenu. Il appartient \u00e0 l\u2019internaute d\u2019utiliser ces informations avec discernement et esprit critique. La responsabilit\u00e9 du directeur de la publication ne saurait \u00eatre engag\u00e9e du fait d\u2019informations, opinions et recommandations formul\u00e9es par des tiers.<\/p>\n<p>\u00a9 Pif Fishing 2024<\/p>\n","protected":false},"excerpt":{"rendered":"<p>Site \u00e9dit\u00e9 par : Pif Fishing ZA Clara 1 avenue Joseph Cugnot 94420 Le Plessis Tr\u00e9vise info@pif-fishing.com Conception &amp; r\u00e9alisation EPICEUM 8 rue de Valmy 93100 Montreuil contact@epiceum.com H\u00e9bergement : OVH 2 rue Kellermann 59100 Roubaix www.ovh.com Technologies utilis\u00e9es : Logiciels libres Apache MySQL PHP Cr\u00e9dits : Les images publi\u00e9es sur notre site internet sont [&hellip;]<\/p>\n","protected":false},"author":1,"featured_media":0,"parent":0,"menu_order":0,"comment_status":"closed","ping_status":"closed","template":"","meta":{"_acf_changed":false,"inline_featured_image":false,"site-sidebar-layout":"default","site-content-layout":"","ast-site-content-layout":"default","site-content-style":"default","site-sidebar-style":"default","ast-global-header-display":"","ast-banner-title-visibility":"","ast-main-header-display":"","ast-hfb-above-header-display":"","ast-hfb-below-header-display":"","ast-hfb-mobile-header-display":"","site-post-title":"","ast-breadcrumbs-content":"","ast-featured-img":"","footer-sml-layout":"","ast-disable-related-posts":"","theme-transparent-header-meta":"","adv-header-id-meta":"","stick-header-meta":"","header-above-stick-meta":"","header-main-stick-meta":"","header-below-stick-meta":"","astra-migrate-meta-layouts":"default","ast-page-background-enabled":"default","ast-page-background-meta":{"desktop":{"background-color":"var(--ast-global-color-4)","background-image":"","background-repeat":"repeat","background-position":"center center","background-size":"auto","background-attachment":"scroll","background-type":"","background-media":"","overlay-type":"","overlay-color":"","overlay-opacity":"","overlay-gradient":""},"tablet":{"background-color":"","background-image":"","background-repeat":"repeat","background-position":"center center","background-size":"auto","background-attachment":"scroll","background-type":"","background-media":"","overlay-type":"","overlay-color":"","overlay-opacity":"","overlay-gradient":""},"mobile":{"background-color":"","background-image":"","background-repeat":"repeat","background-position":"center center","background-size":"auto","background-attachment":"scroll","background-type":"","background-media":"","overlay-type":"","overlay-color":"","overlay-opacity":"","overlay-gradient":""}},"ast-content-background-meta":{"desktop":{"background-color":"var(--ast-global-color-5)","background-image":"","background-repeat":"repeat","background-position":"center center","background-size":"auto","background-attachment":"scroll","background-type":"","background-media":"","overlay-type":"","overlay-color":"","overlay-opacity":"","overlay-gradient":""},"tablet":{"background-color":"var(--ast-global-color-5)","background-image":"","background-repeat":"repeat","background-position":"center center","background-size":"auto","background-attachment":"scroll","background-type":"","background-media":"","overlay-type":"","overlay-color":"","overlay-opacity":"","overlay-gradient":""},"mobile":{"background-color":"var(--ast-global-color-5)","background-image":"","background-repeat":"repeat","background-position":"center center","background-size":"auto","background-attachment":"scroll","background-type":"","background-media":"","overlay-type":"","overlay-color":"","overlay-opacity":"","overlay-gradient":""}},"footnotes":""},"class_list":["post-1339","page","type-page","status-publish","hentry"],"acf":[],"yoast_head":"<!-- This site is optimized with the Yoast SEO plugin v27.3 - https:\/\/yoast.com\/product\/yoast-seo-wordpress\/ -->\n<title>Legal information - Pif-fishing<\/title>\n<meta name=\"robots\" content=\"index, follow, max-snippet:-1, max-image-preview:large, max-video-preview:-1\" \/>\n<link rel=\"canonical\" href=\"https:\/\/pif-fishing.com\/en\/legal-information\/\" \/>\n<meta property=\"og:locale\" content=\"en_US\" \/>\n<meta property=\"og:type\" content=\"article\" \/>\n<meta property=\"og:title\" content=\"Legal information - Pif-fishing\" \/>\n<meta property=\"og:description\" content=\"Site \u00e9dit\u00e9 par : Pif Fishing ZA Clara 1 avenue Joseph Cugnot 94420 Le Plessis Tr\u00e9vise info@pif-fishing.com Conception &amp; r\u00e9alisation EPICEUM 8 rue de Valmy 93100 Montreuil contact@epiceum.com H\u00e9bergement : OVH 2 rue Kellermann 59100 Roubaix www.ovh.com Technologies utilis\u00e9es : Logiciels libres Apache MySQL PHP Cr\u00e9dits : Les images publi\u00e9es sur notre site internet sont [&hellip;]\" \/>\n<meta property=\"og:url\" content=\"https:\/\/pif-fishing.com\/en\/legal-information\/\" \/>\n<meta property=\"og:site_name\" content=\"Pif-fishing\" \/>\n<meta property=\"article:modified_time\" content=\"2024-04-24T08:09:37+00:00\" \/>\n<meta name=\"twitter:card\" content=\"summary_large_image\" \/>\n<meta name=\"twitter:label1\" content=\"Est. reading time\" \/>\n\t<meta name=\"twitter:data1\" content=\"3 minutes\" \/>\n<script type=\"application\/ld+json\" class=\"yoast-schema-graph\">{\"@context\":\"https:\\\/\\\/schema.org\",\"@graph\":[{\"@type\":\"WebPage\",\"@id\":\"https:\\\/\\\/pif-fishing.com\\\/en\\\/legal-information\\\/\",\"url\":\"https:\\\/\\\/pif-fishing.com\\\/en\\\/legal-information\\\/\",\"name\":\"Legal information - Pif-fishing\",\"isPartOf\":{\"@id\":\"https:\\\/\\\/pif-fishing.com\\\/en\\\/#website\"},\"datePublished\":\"2024-03-26T12:57:42+00:00\",\"dateModified\":\"2024-04-24T08:09:37+00:00\",\"breadcrumb\":{\"@id\":\"https:\\\/\\\/pif-fishing.com\\\/en\\\/legal-information\\\/#breadcrumb\"},\"inLanguage\":\"en-US\",\"potentialAction\":[{\"@type\":\"ReadAction\",\"target\":[\"https:\\\/\\\/pif-fishing.com\\\/en\\\/legal-information\\\/\"]}]},{\"@type\":\"BreadcrumbList\",\"@id\":\"https:\\\/\\\/pif-fishing.com\\\/en\\\/legal-information\\\/#breadcrumb\",\"itemListElement\":[{\"@type\":\"ListItem\",\"position\":1,\"name\":\"Accueil\",\"item\":\"https:\\\/\\\/pif-fishing.com\\\/en\\\/accueil\\\/\"},{\"@type\":\"ListItem\",\"position\":2,\"name\":\"Legal information\"}]},{\"@type\":\"WebSite\",\"@id\":\"https:\\\/\\\/pif-fishing.com\\\/en\\\/#website\",\"url\":\"https:\\\/\\\/pif-fishing.com\\\/en\\\/\",\"name\":\"Pif-fishing\",\"description\":\"\",\"publisher\":{\"@id\":\"https:\\\/\\\/pif-fishing.com\\\/en\\\/#organization\"},\"alternateName\":\"Pif Fishing\",\"potentialAction\":[{\"@type\":\"SearchAction\",\"target\":{\"@type\":\"EntryPoint\",\"urlTemplate\":\"https:\\\/\\\/pif-fishing.com\\\/en\\\/?s={search_term_string}\"},\"query-input\":{\"@type\":\"PropertyValueSpecification\",\"valueRequired\":true,\"valueName\":\"search_term_string\"}}],\"inLanguage\":\"en-US\"},{\"@type\":\"Organization\",\"@id\":\"https:\\\/\\\/pif-fishing.com\\\/en\\\/#organization\",\"name\":\"Pif Fishing\",\"alternateName\":\"Pif Fishing\",\"url\":\"https:\\\/\\\/pif-fishing.com\\\/en\\\/\",\"logo\":{\"@type\":\"ImageObject\",\"inLanguage\":\"en-US\",\"@id\":\"https:\\\/\\\/pif-fishing.com\\\/en\\\/#\\\/schema\\\/logo\\\/image\\\/\",\"url\":\"https:\\\/\\\/pif-fishing.com\\\/wp-content\\\/uploads\\\/2024\\\/05\\\/Pif-fishing-logo.svg\",\"contentUrl\":\"https:\\\/\\\/pif-fishing.com\\\/wp-content\\\/uploads\\\/2024\\\/05\\\/Pif-fishing-logo.svg\",\"caption\":\"Pif Fishing\"},\"image\":{\"@id\":\"https:\\\/\\\/pif-fishing.com\\\/en\\\/#\\\/schema\\\/logo\\\/image\\\/\"}}]}<\/script>\n<!-- \/ Yoast SEO plugin. -->","yoast_head_json":{"title":"Legal information - Pif-fishing","robots":{"index":"index","follow":"follow","max-snippet":"max-snippet:-1","max-image-preview":"max-image-preview:large","max-video-preview":"max-video-preview:-1"},"canonical":"https:\/\/pif-fishing.com\/en\/legal-information\/","og_locale":"en_US","og_type":"article","og_title":"Legal information - Pif-fishing","og_description":"Site \u00e9dit\u00e9 par : Pif Fishing ZA Clara 1 avenue Joseph Cugnot 94420 Le Plessis Tr\u00e9vise info@pif-fishing.com Conception &amp; r\u00e9alisation EPICEUM 8 rue de Valmy 93100 Montreuil contact@epiceum.com H\u00e9bergement : OVH 2 rue Kellermann 59100 Roubaix www.ovh.com Technologies utilis\u00e9es : Logiciels libres Apache MySQL PHP Cr\u00e9dits : Les images publi\u00e9es sur notre site internet sont [&hellip;]","og_url":"https:\/\/pif-fishing.com\/en\/legal-information\/","og_site_name":"Pif-fishing","article_modified_time":"2024-04-24T08:09:37+00:00","twitter_card":"summary_large_image","twitter_misc":{"Est. reading time":"3 minutes"},"schema":{"@context":"https:\/\/schema.org","@graph":[{"@type":"WebPage","@id":"https:\/\/pif-fishing.com\/en\/legal-information\/","url":"https:\/\/pif-fishing.com\/en\/legal-information\/","name":"Legal information - Pif-fishing","isPartOf":{"@id":"https:\/\/pif-fishing.com\/en\/#website"},"datePublished":"2024-03-26T12:57:42+00:00","dateModified":"2024-04-24T08:09:37+00:00","breadcrumb":{"@id":"https:\/\/pif-fishing.com\/en\/legal-information\/#breadcrumb"},"inLanguage":"en-US","potentialAction":[{"@type":"ReadAction","target":["https:\/\/pif-fishing.com\/en\/legal-information\/"]}]},{"@type":"BreadcrumbList","@id":"https:\/\/pif-fishing.com\/en\/legal-information\/#breadcrumb","itemListElement":[{"@type":"ListItem","position":1,"name":"Accueil","item":"https:\/\/pif-fishing.com\/en\/accueil\/"},{"@type":"ListItem","position":2,"name":"Legal information"}]},{"@type":"WebSite","@id":"https:\/\/pif-fishing.com\/en\/#website","url":"https:\/\/pif-fishing.com\/en\/","name":"Pif-fishing","description":"","publisher":{"@id":"https:\/\/pif-fishing.com\/en\/#organization"},"alternateName":"Pif Fishing","potentialAction":[{"@type":"SearchAction","target":{"@type":"EntryPoint","urlTemplate":"https:\/\/pif-fishing.com\/en\/?s={search_term_string}"},"query-input":{"@type":"PropertyValueSpecification","valueRequired":true,"valueName":"search_term_string"}}],"inLanguage":"en-US"},{"@type":"Organization","@id":"https:\/\/pif-fishing.com\/en\/#organization","name":"Pif Fishing","alternateName":"Pif Fishing","url":"https:\/\/pif-fishing.com\/en\/","logo":{"@type":"ImageObject","inLanguage":"en-US","@id":"https:\/\/pif-fishing.com\/en\/#\/schema\/logo\/image\/","url":"https:\/\/pif-fishing.com\/wp-content\/uploads\/2024\/05\/Pif-fishing-logo.svg","contentUrl":"https:\/\/pif-fishing.com\/wp-content\/uploads\/2024\/05\/Pif-fishing-logo.svg","caption":"Pif Fishing"},"image":{"@id":"https:\/\/pif-fishing.com\/en\/#\/schema\/logo\/image\/"}}]}},"jetpack_sharing_enabled":true,"_links":{"self":[{"href":"https:\/\/pif-fishing.com\/en\/wp-json\/wp\/v2\/pages\/1339","targetHints":{"allow":["GET"]}}],"collection":[{"href":"https:\/\/pif-fishing.com\/en\/wp-json\/wp\/v2\/pages"}],"about":[{"href":"https:\/\/pif-fishing.com\/en\/wp-json\/wp\/v2\/types\/page"}],"author":[{"embeddable":true,"href":"https:\/\/pif-fishing.com\/en\/wp-json\/wp\/v2\/users\/1"}],"replies":[{"embeddable":true,"href":"https:\/\/pif-fishing.com\/en\/wp-json\/wp\/v2\/comments?post=1339"}],"version-history":[{"count":1,"href":"https:\/\/pif-fishing.com\/en\/wp-json\/wp\/v2\/pages\/1339\/revisions"}],"predecessor-version":[{"id":1345,"href":"https:\/\/pif-fishing.com\/en\/wp-json\/wp\/v2\/pages\/1339\/revisions\/1345"}],"wp:attachment":[{"href":"https:\/\/pif-fishing.com\/en\/wp-json\/wp\/v2\/media?parent=1339"}],"curies":[{"name":"wp","href":"https:\/\/api.w.org\/{rel}","templated":true}]}}